{"id":7677,"date":"2016-08-06T10:51:01","date_gmt":"2016-08-06T08:51:01","guid":{"rendered":"http:\/\/www.waterpolomorvedre.es\/wp\/?page_id=7677"},"modified":"2016-08-06T11:27:18","modified_gmt":"2016-08-06T09:27:18","slug":"equipos-waterpolo","status":"publish","type":"page","link":"https:\/\/www.waterpolomorvedre.es\/wp\/equipos-waterpolo\/","title":{"rendered":"EQUIPOS WATERPOLO"},"content":{"rendered":"<p>Arrancamos esta temporada con equipos en casi todas las categor\u00edas del waterpolo valenciano: benjam\u00edn, alev\u00edn, infantil b, infantil, cadete, senior masculino y senior femenino. Seguimos creciendo!!<a href=\"http:\/\/www.waterpolomorvedre.es\/wp\/?attachment_id=7249\" rel=\"attachment wp-att-7249\"><img fetchpriority=\"high\" decoding=\"async\" class=\"aligncenter size-full wp-image-7249\" src=\"http:\/\/www.waterpolomorvedre.es\/wp\/wp-content\/uploads\/pres.general-e1446716515524.jpg\" alt=\"pres.general\" width=\"800\" height=\"533\" \/><\/a><\/p>\n","protected":false},"excerpt":{"rendered":"<p>Arrancamos esta temporada con equipos en casi todas las categor\u00edas del waterpolo valenciano: benjam\u00edn, alev\u00edn, infantil b, infantil, cadete, senior masculino y senior femenino. Seguimos creciendo!!<\/p>\n<p> <a class=\"continue-reading-link\" href=\"https:\/\/www.waterpolomorvedre.es\/wp\/equipos-waterpolo\/\"><span>LEER M\u00c1S<\/span><i class=\"crycon-right-dir\"><\/i><\/a> <\/p>\n","protected":false},"author":2,"featured_media":0,"parent":0,"menu_order":2,"comment_status":"closed","ping_status":"closed","template":"templates\/template-threecolumns-center.php","meta":{"ngg_post_thumbnail":0,"footnotes":""},"class_list":["post-7677","page","type-page","status-publish","hentry"],"_links":{"self":[{"href":"https:\/\/www.waterpolomorvedre.es\/wp\/wp-json\/wp\/v2\/pages\/7677","targetHints":{"allow":["GET"]}}],"collection":[{"href":"https:\/\/www.waterpolomorvedre.es\/wp\/wp-json\/wp\/v2\/pages"}],"about":[{"href":"https:\/\/www.waterpolomorvedre.es\/wp\/wp-json\/wp\/v2\/types\/page"}],"author":[{"embeddable":true,"href":"https:\/\/www.waterpolomorvedre.es\/wp\/wp-json\/wp\/v2\/users\/2"}],"replies":[{"embeddable":true,"href":"https:\/\/www.waterpolomorvedre.es\/wp\/wp-json\/wp\/v2\/comments?post=7677"}],"version-history":[{"count":1,"href":"https:\/\/www.waterpolomorvedre.es\/wp\/wp-json\/wp\/v2\/pages\/7677\/revisions"}],"predecessor-version":[{"id":7678,"href":"https:\/\/www.waterpolomorvedre.es\/wp\/wp-json\/wp\/v2\/pages\/7677\/revisions\/7678"}],"wp:attachment":[{"href":"https:\/\/www.waterpolomorvedre.es\/wp\/wp-json\/wp\/v2\/media?parent=7677"}],"curies":[{"name":"wp","href":"https:\/\/api.w.org\/{rel}","templated":true}]}}